{"id":29,"date":"2025-04-01T18:26:38","date_gmt":"2025-04-01T16:26:38","guid":{"rendered":"https:\/\/portfolio.gaelle.rasolomanana.mmi-velizy.fr\/wordpress\/?page_id=29"},"modified":"2025-04-17T18:33:52","modified_gmt":"2025-04-17T16:33:52","slug":"accueil","status":"publish","type":"page","link":"https:\/\/portfolio.gaelle.rasolomanana.mmi-velizy.fr\/wordpress\/","title":{"rendered":"Accueil"},"content":{"rendered":"\n<p><\/p>\n\n\n\n<div class=\"wp-block-cover alignfull\" style=\"min-height:76vh;aspect-ratio:unset;\"><img fetchpriority=\"high\" decoding=\"async\" width=\"1201\" height=\"675\" class=\"wp-block-cover__image-background wp-image-133\" alt=\"\" src=\"https:\/\/portfolio.gaelle.rasolomanana.mmi-velizy.fr\/wordpress\/wp-content\/uploads\/2025\/04\/Black-and-white-pattern-of-swirl.jpg\" data-object-fit=\"cover\" srcset=\"https:\/\/portfolio.gaelle.rasolomanana.mmi-velizy.fr\/wordpress\/wp-content\/uploads\/2025\/04\/Black-and-white-pattern-of-swirl.jpg 1201w, https:\/\/portfolio.gaelle.rasolomanana.mmi-velizy.fr\/wordpress\/wp-content\/uploads\/2025\/04\/Black-and-white-pattern-of-swirl-300x169.jpg 300w, https:\/\/portfolio.gaelle.rasolomanana.mmi-velizy.fr\/wordpress\/wp-content\/uploads\/2025\/04\/Black-and-white-pattern-of-swirl-1024x576.jpg 1024w, https:\/\/portfolio.gaelle.rasolomanana.mmi-velizy.fr\/wordpress\/wp-content\/uploads\/2025\/04\/Black-and-white-pattern-of-swirl-768x432.jpg 768w\" sizes=\"(max-width: 1201px) 100vw, 1201px\" \/><span aria-hidden=\"true\" class=\"wp-block-cover__background has-black-background-color has-background-dim-70 has-background-dim\"><\/span><div class=\"wp-block-cover__inner-container has-global-padding is-layout-constrained wp-block-cover-is-layout-constrained\">\n<div style=\"height:70px\" aria-hidden=\"true\" class=\"wp-block-spacer\"><\/div>\n\n\n\n<h2 class=\"wp-block-heading has-text-align-center has-text-color\" style=\"color:#ffffff;margin-bottom:0;font-size:clamp(28.836px, 1.802rem + ((1vw - 3.2px) * 2.405), 50px);font-style:normal;font-weight:400;line-height:1\">Ga\u00eblle RASOLOMANANA<\/h2>\n\n\n\n<h1 class=\"wp-block-heading has-text-align-center has-text-color\" style=\"color:#ffffff;margin-top:0px;margin-bottom:32px;font-size:clamp(56.713px, 3.545rem + ((1vw - 3.2px) * 6.851), 117px);font-style:normal;font-weight:400;line-height:0.8\">Portfolio<\/h1>\n\n\n\n<p class=\"has-text-align-center has-text-color\" style=\"color:#ffffff;margin-bottom:2rem;font-size:clamp(14px, 0.875rem + ((1vw - 3.2px) * 0.227), 16px);\">Bienvenue!<\/p>\n<\/div><\/div>\n\n\n\n<div class=\"wp-block-group alignfull has-background has-global-padding is-layout-constrained wp-container-core-group-is-layout-6d8556d3 wp-block-group-is-layout-constrained\" style=\"background-color:#ececec;margin-top:0px;margin-bottom:0px;padding-top:100px;padding-right:20px;padding-bottom:100px;padding-left:20px\">\n<div class=\"wp-block-columns alignwide is-layout-flex wp-container-core-columns-is-layout-8e3aed5f wp-block-columns-is-layout-flex\" style=\"border-style:none;border-width:0px;margin-top:0px;margin-bottom:0px;padding-top:0px;padding-right:30px;padding-bottom:0px;padding-left:30px\">\n<div class=\"wp-block-column is-vertically-aligned-center is-layout-flow wp-container-core-column-is-layout-abe5317a wp-block-column-is-layout-flow\" style=\"padding-top:0px;padding-right:0px;padding-bottom:40px;padding-left:0px\">\n<p><\/p>\n\n\n\n<h2 class=\"wp-block-heading has-text-color has-inter-font-family\" style=\"color:#536942;margin-top:0;margin-bottom:36px;font-size:clamp(24.034px, 1.502rem + ((1vw - 3.2px) * 1.814), 40px);font-style:normal;font-weight:400\">Pr\u00e9sentation<\/h2>\n\n\n\n<p class=\"has-text-color\" style=\"color:#768667;margin-bottom:2.75rem;font-size:clamp(14px, 0.875rem + ((1vw - 3.2px) * 0.227), 16px);\">Je m\u2019appelle Gaelle RASOLOMANANA, j\u2019ai 19ans, et je suis \u00e9tudiante en 1\u00e8re ann\u00e9e de BUT MMI. S\u00e9rieuse, cr\u00e9ative, travailleuse et polyvalente, je poss\u00e8de des comp\u00e9tences dans l\u2019illustration, le graphisme, la communication et le d\u00e9veloppement web. Mes \u00e9tudes actuelles permettent de m&rsquo;\u00e9panouir car j&rsquo;exerce mes passions, j&rsquo;apprends de nouvelles techniques et j&rsquo;aimerais appliquer mes comp\u00e9tences dans un contexte professionnel.<\/p>\n\n\n\n<div class=\"wp-block-buttons is-content-justification-left is-layout-flex wp-container-core-buttons-is-layout-fc4fd283 wp-block-buttons-is-layout-flex\">\n<div class=\"wp-block-button is-style-outline is-style-outline--1\"><a class=\"wp-block-button__link has-text-color has-background has-border-color has-custom-font-size wp-element-button\" href=\"https:\/\/portfolio.gaelle.rasolomanana.mmi-velizy.fr\/wordpress\/a-propos\/\" style=\"border-color:#768667;border-width:1px;border-radius:7px;color:#536942;background-color:#ffffff00;padding-top:17px;padding-right:40px;padding-bottom:17px;padding-left:40px;font-size:clamp(14px, 0.875rem + ((1vw - 3.2px) * 0.114), 15px);line-height:1\">\u00c0 propos<\/a><\/div>\n<\/div>\n<\/div>\n\n\n\n<div class=\"wp-block-column is-layout-flow wp-block-column-is-layout-flow\" style=\"flex-basis:40%\">\n<figure class=\"wp-block-image size-full\"><img decoding=\"async\" width=\"1176\" height=\"1290\" src=\"https:\/\/portfolio.gaelle.rasolomanana.mmi-velizy.fr\/wordpress\/wp-content\/uploads\/2025\/04\/photoprogaelles.png\" alt=\"\" class=\"wp-image-292\" srcset=\"https:\/\/portfolio.gaelle.rasolomanana.mmi-velizy.fr\/wordpress\/wp-content\/uploads\/2025\/04\/photoprogaelles.png 1176w, https:\/\/portfolio.gaelle.rasolomanana.mmi-velizy.fr\/wordpress\/wp-content\/uploads\/2025\/04\/photoprogaelles-273x300.png 273w, https:\/\/portfolio.gaelle.rasolomanana.mmi-velizy.fr\/wordpress\/wp-content\/uploads\/2025\/04\/photoprogaelles-934x1024.png 934w, https:\/\/portfolio.gaelle.rasolomanana.mmi-velizy.fr\/wordpress\/wp-content\/uploads\/2025\/04\/photoprogaelles-768x842.png 768w\" sizes=\"(max-width: 1176px) 100vw, 1176px\" \/><\/figure>\n<\/div>\n<\/div>\n<\/div>\n\n\n\n<div class=\"wp-block-cover alignfull has-custom-color-2-color has-text-color wp-duotone-unset-3\" style=\"margin-top:0;margin-bottom:0;padding-top:120px;padding-right:20px;padding-bottom:120px;padding-left:20px;min-height:50px;aspect-ratio:unset;\"><img decoding=\"async\" width=\"2000\" height=\"1000\" class=\"wp-block-cover__image-background wp-image-248\" alt=\"\" src=\"https:\/\/portfolio.gaelle.rasolomanana.mmi-velizy.fr\/wordpress\/wp-content\/uploads\/2025\/04\/RASOLOMANANA-Gaelle-Fond-Jeu-vierge-1.jpg\" data-object-fit=\"cover\" srcset=\"https:\/\/portfolio.gaelle.rasolomanana.mmi-velizy.fr\/wordpress\/wp-content\/uploads\/2025\/04\/RASOLOMANANA-Gaelle-Fond-Jeu-vierge-1.jpg 2000w, https:\/\/portfolio.gaelle.rasolomanana.mmi-velizy.fr\/wordpress\/wp-content\/uploads\/2025\/04\/RASOLOMANANA-Gaelle-Fond-Jeu-vierge-1-300x150.jpg 300w, https:\/\/portfolio.gaelle.rasolomanana.mmi-velizy.fr\/wordpress\/wp-content\/uploads\/2025\/04\/RASOLOMANANA-Gaelle-Fond-Jeu-vierge-1-1024x512.jpg 1024w, https:\/\/portfolio.gaelle.rasolomanana.mmi-velizy.fr\/wordpress\/wp-content\/uploads\/2025\/04\/RASOLOMANANA-Gaelle-Fond-Jeu-vierge-1-768x384.jpg 768w, https:\/\/portfolio.gaelle.rasolomanana.mmi-velizy.fr\/wordpress\/wp-content\/uploads\/2025\/04\/RASOLOMANANA-Gaelle-Fond-Jeu-vierge-1-1536x768.jpg 1536w\" sizes=\"(max-width: 2000px) 100vw, 2000px\" \/><span aria-hidden=\"true\" class=\"wp-block-cover__background has-background-dim-60 has-background-dim\" style=\"background-color:#131313\"><\/span><div class=\"wp-block-cover__inner-container has-global-padding is-layout-constrained wp-container-core-cover-is-layout-619827bf wp-block-cover-is-layout-constrained\">\n<h2 class=\"wp-block-heading has-text-align-center has-text-color has-link-color wp-elements-bc1b32bdb7f4aa1a6517a2a7a1a3739f\" style=\"color:#fffefe;font-size:clamp(32.518px, 2.032rem + ((1vw - 3.2px) * 2.896), 58px);font-style:normal;font-weight:400;letter-spacing:-2px;line-height:1.2\">Mes cr\u00e9ations<\/h2>\n\n\n\n<p class=\"has-text-align-center has-text-color\" style=\"color:#fefefe;margin-bottom:2.5rem;font-size:clamp(14px, 0.875rem + ((1vw - 3.2px) * 0.341), 17px);font-style:normal;font-weight:400;line-height:1.9\">Vous souhaitez en voir plus ? D\u00e9couvrez mes projets cr\u00e9atifs.<\/p>\n\n\n\n<div class=\"wp-block-buttons is-content-justification-center is-layout-flex wp-container-core-buttons-is-layout-249eb6da wp-block-buttons-is-layout-flex\" style=\"margin-top:3rem;margin-bottom:2rem\">\n<div class=\"wp-block-button is-style-outline is-style-outline--2\"><a class=\"wp-block-button__link has-text-color has-link-color has-border-color has-base-border-color has-jost-font-family has-custom-font-size wp-element-button\" href=\"https:\/\/portfolio.gaelle.rasolomanana.mmi-velizy.fr\/wordpress\/creations\/\" style=\"border-width:1px;border-radius:0px;color:#ffffff;padding-top:0.8rem;padding-right:2.2rem;padding-bottom:0.8rem;padding-left:2.2rem;font-size:clamp(14px, 0.875rem + ((1vw - 3.2px) * 0.455), 18px);letter-spacing:1px;text-transform:uppercase\">voir mon portfolio<\/a><\/div>\n<\/div>\n<\/div><\/div>\n\n\n\n<div class=\"wp-block-cover alignfull has-custom-color-2-color has-text-color wp-duotone-unset-4\" style=\"margin-top:0;margin-bottom:0;padding-top:120px;padding-right:20px;padding-bottom:120px;padding-left:20px;min-height:50px;aspect-ratio:unset;\"><img loading=\"lazy\" decoding=\"async\" width=\"1310\" height=\"738\" class=\"wp-block-cover__image-background wp-image-134\" alt=\"\" src=\"https:\/\/portfolio.gaelle.rasolomanana.mmi-velizy.fr\/wordpress\/wp-content\/uploads\/2025\/04\/10-Stunning-Black-and-White-Aest-1.jpg\" data-object-fit=\"cover\" srcset=\"https:\/\/portfolio.gaelle.rasolomanana.mmi-velizy.fr\/wordpress\/wp-content\/uploads\/2025\/04\/10-Stunning-Black-and-White-Aest-1.jpg 1310w, https:\/\/portfolio.gaelle.rasolomanana.mmi-velizy.fr\/wordpress\/wp-content\/uploads\/2025\/04\/10-Stunning-Black-and-White-Aest-1-300x169.jpg 300w, https:\/\/portfolio.gaelle.rasolomanana.mmi-velizy.fr\/wordpress\/wp-content\/uploads\/2025\/04\/10-Stunning-Black-and-White-Aest-1-1024x577.jpg 1024w, https:\/\/portfolio.gaelle.rasolomanana.mmi-velizy.fr\/wordpress\/wp-content\/uploads\/2025\/04\/10-Stunning-Black-and-White-Aest-1-768x433.jpg 768w\" sizes=\"(max-width: 1310px) 100vw, 1310px\" \/><span aria-hidden=\"true\" class=\"wp-block-cover__background has-background-dim-60 has-background-dim\" style=\"background-color:#2d2d2d\"><\/span><div class=\"wp-block-cover__inner-container has-global-padding is-layout-constrained wp-container-core-cover-is-layout-619827bf wp-block-cover-is-layout-constrained\">\n<h2 class=\"wp-block-heading has-text-align-center has-text-color has-link-color wp-elements-0e8235039d1ba2907474e9dd38659994\" style=\"color:#fffefe;font-size:clamp(32.518px, 2.032rem + ((1vw - 3.2px) * 2.896), 58px);font-style:normal;font-weight:400;letter-spacing:-2px;line-height:1.2\">Prendre contact<\/h2>\n\n\n\n<p class=\"has-text-align-center has-text-color\" style=\"color:#fefefe;margin-bottom:2.5rem;font-size:clamp(14px, 0.875rem + ((1vw - 3.2px) * 0.341), 17px);font-style:normal;font-weight:400;line-height:1.9\">Ici, vous pouvez prendre contact avec moi.<\/p>\n\n\n\n<div class=\"wp-block-buttons is-content-justification-center is-layout-flex wp-container-core-buttons-is-layout-a89b3969 wp-block-buttons-is-layout-flex\">\n<div class=\"wp-block-button\"><a class=\"wp-block-button__link has-text-color has-background has-custom-font-size wp-element-button\" href=\"https:\/\/portfolio.gaelle.rasolomanana.mmi-velizy.fr\/wordpress\/contacts\/\" style=\"border-width:1px;color:#536942;background-color:#ffd835;padding-top:17px;padding-right:40px;padding-bottom:17px;padding-left:40px;font-size:clamp(14px, 0.875rem + ((1vw - 3.2px) * 0.227), 16px);line-height:1\">Contact<\/a><\/div>\n<\/div>\n<\/div><\/div>\n","protected":false},"excerpt":{"rendered":"<p>Pr\u00e9sentation Je m\u2019appelle Gaelle RASOLOMANANA, j\u2019ai 19ans, et je suis \u00e9tudiante en 1\u00e8re ann\u00e9e de BUT MMI. S\u00e9rieuse, cr\u00e9ative, travailleuse et polyvalente, je poss\u00e8de des comp\u00e9tences dans l\u2019illustration, le graphisme, la communication et le d\u00e9veloppement web. Mes \u00e9tudes actuelles permettent de m&rsquo;\u00e9panouir car j&rsquo;exerce mes passions, j&rsquo;apprends de nouvelles techniques et j&rsquo;aimerais appliquer mes comp\u00e9tences [&hellip;]<\/p>\n","protected":false},"author":1,"featured_media":0,"parent":0,"menu_order":0,"comment_status":"closed","ping_status":"closed","template":"","meta":{"footnotes":""},"class_list":["post-29","page","type-page","status-publish","hentry"],"_links":{"self":[{"href":"https:\/\/portfolio.gaelle.rasolomanana.mmi-velizy.fr\/wordpress\/wp-json\/wp\/v2\/pages\/29","targetHints":{"allow":["GET"]}}],"collection":[{"href":"https:\/\/portfolio.gaelle.rasolomanana.mmi-velizy.fr\/wordpress\/wp-json\/wp\/v2\/pages"}],"about":[{"href":"https:\/\/portfolio.gaelle.rasolomanana.mmi-velizy.fr\/wordpress\/wp-json\/wp\/v2\/types\/page"}],"author":[{"embeddable":true,"href":"https:\/\/portfolio.gaelle.rasolomanana.mmi-velizy.fr\/wordpress\/wp-json\/wp\/v2\/users\/1"}],"replies":[{"embeddable":true,"href":"https:\/\/portfolio.gaelle.rasolomanana.mmi-velizy.fr\/wordpress\/wp-json\/wp\/v2\/comments?post=29"}],"version-history":[{"count":21,"href":"https:\/\/portfolio.gaelle.rasolomanana.mmi-velizy.fr\/wordpress\/wp-json\/wp\/v2\/pages\/29\/revisions"}],"predecessor-version":[{"id":293,"href":"https:\/\/portfolio.gaelle.rasolomanana.mmi-velizy.fr\/wordpress\/wp-json\/wp\/v2\/pages\/29\/revisions\/293"}],"wp:attachment":[{"href":"https:\/\/portfolio.gaelle.rasolomanana.mmi-velizy.fr\/wordpress\/wp-json\/wp\/v2\/media?parent=29"}],"curies":[{"name":"wp","href":"https:\/\/api.w.org\/{rel}","templated":true}]}}