{"id":36,"date":"2025-04-01T18:27:36","date_gmt":"2025-04-01T16:27:36","guid":{"rendered":"https:\/\/portfolio.gaelle.rasolomanana.mmi-velizy.fr\/wordpress\/?page_id=36"},"modified":"2025-05-03T17:55:30","modified_gmt":"2025-05-03T15:55:30","slug":"contacts","status":"publish","type":"page","link":"https:\/\/portfolio.gaelle.rasolomanana.mmi-velizy.fr\/wordpress\/contacts\/","title":{"rendered":"Contact"},"content":{"rendered":"\n<div style=\"height:45px\" aria-hidden=\"true\" class=\"wp-block-spacer\"><\/div>\n\n\n\n<div class=\"wp-block-cover alignfull\" style=\"min-height:76vh;aspect-ratio:unset;\"><img fetchpriority=\"high\" decoding=\"async\" width=\"1201\" height=\"675\" class=\"wp-block-cover__image-background wp-image-133\" alt=\"\" src=\"https:\/\/portfolio.gaelle.rasolomanana.mmi-velizy.fr\/wordpress\/wp-content\/uploads\/2025\/04\/Black-and-white-pattern-of-swirl.jpg\" data-object-fit=\"cover\" srcset=\"https:\/\/portfolio.gaelle.rasolomanana.mmi-velizy.fr\/wordpress\/wp-content\/uploads\/2025\/04\/Black-and-white-pattern-of-swirl.jpg 1201w, https:\/\/portfolio.gaelle.rasolomanana.mmi-velizy.fr\/wordpress\/wp-content\/uploads\/2025\/04\/Black-and-white-pattern-of-swirl-300x169.jpg 300w, https:\/\/portfolio.gaelle.rasolomanana.mmi-velizy.fr\/wordpress\/wp-content\/uploads\/2025\/04\/Black-and-white-pattern-of-swirl-1024x576.jpg 1024w, https:\/\/portfolio.gaelle.rasolomanana.mmi-velizy.fr\/wordpress\/wp-content\/uploads\/2025\/04\/Black-and-white-pattern-of-swirl-768x432.jpg 768w\" sizes=\"(max-width: 1201px) 100vw, 1201px\" \/><span aria-hidden=\"true\" class=\"wp-block-cover__background has-black-background-color has-background-dim-70 has-background-dim\"><\/span><div class=\"wp-block-cover__inner-container has-global-padding is-layout-constrained wp-block-cover-is-layout-constrained\">\n<h1 class=\"wp-block-heading has-text-align-center has-text-color\" style=\"color:#ffffff;margin-top:0px;margin-bottom:32px;font-size:clamp(56.713px, 3.545rem + ((1vw - 3.2px) * 6.851), 117px);font-style:normal;font-weight:400;line-height:0.8\">Contact<\/h1>\n\n\n\n<p class=\"has-text-align-center\">Une question ou une id\u00e9e \u00e0 concr\u00e9tiser ? Contactez-moi d\u00e8s maintenant.<\/p>\n<\/div><\/div>\n\n\n\n<div class=\"wp-block-group alignfull has-global-padding is-layout-constrained wp-container-core-group-is-layout-b4567612 wp-block-group-is-layout-constrained\" style=\"padding-top:80px;padding-bottom:120px\">\n<div class=\"wp-block-columns is-layout-flex wp-container-core-columns-is-layout-28f84493 wp-block-columns-is-layout-flex\">\n<div class=\"wp-block-column is-layout-flow wp-block-column-is-layout-flow\">\n<h2 class=\"wp-block-heading has-text-color\" style=\"color:#000000;padding-bottom:20px;font-size:clamp(29.768px, 1.861rem + ((1vw - 3.2px) * 2.526), 52px);font-style:normal;font-weight:400;line-height:1.2\">Me contacter<\/h2>\n\n\n\n<p class=\"has-text-color\" style=\"color:#000000;margin-bottom:0px;font-size:clamp(14px, 0.875rem + ((1vw - 3.2px) * 0.455), 18px);line-height:1.6\">gaelle.rasolo@gmail.com<\/p>\n\n\n\n<p class=\"has-text-color\" style=\"color:#000000;margin-top:0px;font-size:clamp(14px, 0.875rem + ((1vw - 3.2px) * 0.455), 18px);line-height:1.6\">06 41 31 54 28<\/p>\n\n\n\n<p class=\"has-text-color\" style=\"color:#000000;padding-bottom:40px;font-size:clamp(14px, 0.875rem + ((1vw - 3.2px) * 0.455), 18px);line-height:1.6\">Villeneuve-le-roi, 94290<\/p>\n<\/div>\n\n\n\n<div class=\"wp-block-column is-layout-flow wp-block-column-is-layout-flow\">\n<div class=\"wp-block-group has-global-padding is-layout-constrained wp-block-group-is-layout-constrained\" style=\"margin-top:0rem\"><style id=\"wpforms-css-vars-160-block-9baf4960-36d7-4262-a625-4e59365911a4\">\n\t\t\t\t#wpforms-160.wpforms-block-9baf4960-36d7-4262-a625-4e59365911a4 {\n\t\t\t\t--wpforms-label-color: #3f4a4f;\n--wpforms-field-border-radius: 0px;\n--wpforms-field-background-color: #fbfbfb;\n--wpforms-button-border-radius: 0px;\n--wpforms-button-background-color: #d49d89;\n--wpforms-field-size-input-height: 43px;\n--wpforms-field-size-input-spacing: 15px;\n--wpforms-field-size-font-size: 16px;\n--wpforms-field-size-line-height: 19px;\n--wpforms-field-size-padding-h: 14px;\n--wpforms-field-size-checkbox-size: 16px;\n--wpforms-field-size-sublabel-spacing: 5px;\n--wpforms-field-size-icon-size: 1;\n--wpforms-label-size-font-size: 16px;\n--wpforms-label-size-line-height: 19px;\n--wpforms-label-size-sublabel-font-size: 14px;\n--wpforms-label-size-sublabel-line-height: 17px;\n--wpforms-button-size-font-size: 20px;\n--wpforms-button-size-height: 48px;\n--wpforms-button-size-padding-h: 20px;\n--wpforms-button-size-margin-top: 15px;\n\n\t\t\t}\n\t\t\t<\/style><div class=\"wpforms-container wpforms-container-full wpforms-block wpforms-block-9baf4960-36d7-4262-a625-4e59365911a4 wpforms-render-modern\" id=\"wpforms-160\"><form id=\"wpforms-form-160\" class=\"wpforms-validate wpforms-form wpforms-ajax-form\" data-formid=\"160\" method=\"post\" enctype=\"multipart\/form-data\" action=\"\/wordpress\/wp-json\/wp\/v2\/pages\/36\" data-token=\"d78d4af027128ee293d8fb738fb089c5\" data-token-time=\"1778872247\"><noscript class=\"wpforms-error-noscript\">Veuillez activer JavaScript dans votre navigateur pour remplir ce formulaire.<\/noscript><div class=\"wpforms-hidden\" id=\"wpforms-error-noscript\">Veuillez activer JavaScript dans votre navigateur pour remplir ce formulaire.<\/div><div class=\"wpforms-field-container\"><div id=\"wpforms-160-field_2-container\" class=\"wpforms-field wpforms-field-email\" data-field-id=\"2\"><label class=\"wpforms-field-label\" for=\"wpforms-160-field_2\">E-mail <span class=\"wpforms-required-label\" aria-hidden=\"true\">*<\/span><\/label><input type=\"email\" id=\"wpforms-160-field_2\" class=\"wpforms-field-medium wpforms-field-required\" name=\"wpforms[fields][2]\" spellcheck=\"false\" aria-errormessage=\"wpforms-160-field_2-error\" required><\/div><div id=\"wpforms-160-field_3-container\" class=\"wpforms-field wpforms-field-textarea\" data-field-id=\"3\"><label class=\"wpforms-field-label\" for=\"wpforms-160-field_3\">Commentaire ou message<\/label><textarea id=\"wpforms-160-field_3\" class=\"wpforms-field-medium\" name=\"wpforms[fields][3]\" aria-errormessage=\"wpforms-160-field_3-error\" ><\/textarea><\/div><\/div><!-- .wpforms-field-container --><div class=\"wpforms-submit-container\" ><input type=\"hidden\" name=\"wpforms[id]\" value=\"160\"><input type=\"hidden\" name=\"page_title\" value=\"\"><input type=\"hidden\" name=\"page_url\" value=\"https:\/\/portfolio.gaelle.rasolomanana.mmi-velizy.fr\/wordpress\/wp-json\/wp\/v2\/pages\/36\"><input type=\"hidden\" name=\"url_referer\" value=\"\"><button type=\"submit\" name=\"wpforms[submit]\" id=\"wpforms-submit-160\" class=\"wpforms-submit\" data-alt-text=\"Envoi...\" data-submit-text=\"Envoyer\" aria-live=\"assertive\" value=\"wpforms-submit\">Envoyer<\/button><img decoding=\"async\" src=\"https:\/\/portfolio.gaelle.rasolomanana.mmi-velizy.fr\/wordpress\/wp-content\/plugins\/wpforms-lite\/assets\/images\/submit-spin.svg\" class=\"wpforms-submit-spinner\" style=\"display: none;\" width=\"26\" height=\"26\" alt=\"Chargement en cours\"><\/div><\/form><\/div>  <!-- .wpforms-container --><\/div>\n<\/div>\n<\/div>\n<\/div>\n","protected":false},"excerpt":{"rendered":"<p>Me contacter gaelle.rasolo@gmail.com 06 41 31 54 28 Villeneuve-le-roi, 94290<\/p>\n","protected":false},"author":1,"featured_media":0,"parent":0,"menu_order":0,"comment_status":"closed","ping_status":"closed","template":"","meta":{"footnotes":""},"class_list":["post-36","page","type-page","status-publish","hentry"],"_links":{"self":[{"href":"https:\/\/portfolio.gaelle.rasolomanana.mmi-velizy.fr\/wordpress\/wp-json\/wp\/v2\/pages\/36","targetHints":{"allow":["GET"]}}],"collection":[{"href":"https:\/\/portfolio.gaelle.rasolomanana.mmi-velizy.fr\/wordpress\/wp-json\/wp\/v2\/pages"}],"about":[{"href":"https:\/\/portfolio.gaelle.rasolomanana.mmi-velizy.fr\/wordpress\/wp-json\/wp\/v2\/types\/page"}],"author":[{"embeddable":true,"href":"https:\/\/portfolio.gaelle.rasolomanana.mmi-velizy.fr\/wordpress\/wp-json\/wp\/v2\/users\/1"}],"replies":[{"embeddable":true,"href":"https:\/\/portfolio.gaelle.rasolomanana.mmi-velizy.fr\/wordpress\/wp-json\/wp\/v2\/comments?post=36"}],"version-history":[{"count":21,"href":"https:\/\/portfolio.gaelle.rasolomanana.mmi-velizy.fr\/wordpress\/wp-json\/wp\/v2\/pages\/36\/revisions"}],"predecessor-version":[{"id":312,"href":"https:\/\/portfolio.gaelle.rasolomanana.mmi-velizy.fr\/wordpress\/wp-json\/wp\/v2\/pages\/36\/revisions\/312"}],"wp:attachment":[{"href":"https:\/\/portfolio.gaelle.rasolomanana.mmi-velizy.fr\/wordpress\/wp-json\/wp\/v2\/media?parent=36"}],"curies":[{"name":"wp","href":"https:\/\/api.w.org\/{rel}","templated":true}]}}